{"id":481,"date":"2023-11-08T10:47:26","date_gmt":"2023-11-08T10:47:26","guid":{"rendered":"https:\/\/www.prostran.si\/?page_id=481"},"modified":"2024-02-26T09:46:15","modified_gmt":"2024-02-26T09:46:15","slug":"zastopanje-pravnih-oseb","status":"publish","type":"page","link":"https:\/\/www.prostran.si\/srb-bos-hrv\/zastopanje-pravnih-oseb\/","title":{"rendered":"Zastupanje pravnih lica"},"content":{"rendered":"<div data-elementor-type=\"wp-page\" data-elementor-id=\"481\" class=\"elementor elementor-481\" data-elementor-post-type=\"page\">\n\t\t\t\t\t\t<section class=\"elementor-section elementor-top-section elementor-element elementor-element-486088d0 elementor-section-height-min-height elementor-section-content-middle elementor-section-boxed elementor-section-height-default elementor-section-items-middle\" data-id=\"486088d0\" data-element_type=\"section\" data-settings=\"{&quot;background_background&quot;:&quot;classic&quot;}\">\n\t\t\t\t\t\t\t<div class=\"elementor-background-overlay\"><\/div>\n\t\t\t\t\t\t\t<div class=\"elementor-container elementor-column-gap-custom\">\n\t\t\t\t\t<div class=\"elementor-column elementor-col-100 elementor-top-column elementor-element elementor-element-74124bd8\" data-id=\"74124bd8\" data-element_type=\"column\" data-settings=\"{&quot;background_background&quot;:&quot;classic&quot;}\">\n\t\t\t<div class=\"elementor-widget-wrap elementor-element-populated\">\n\t\t\t\t\t\t<div class=\"elementor-element elementor-element-3a3084b9 elementor-invisible elementor-widget elementor-widget-heading\" data-id=\"3a3084b9\" data-element_type=\"widget\" data-settings=\"{&quot;_animation&quot;:&quot;fadeInDown&quot;}\" data-widget_type=\"heading.default\">\n\t\t\t\t<div class=\"elementor-widget-container\">\n\t\t\t\t\t<h2 class=\"elementor-heading-title elementor-size-default\"><font color=\"#B79743\">Zastupanje pravnih lica<\/font> <\/h2>\t\t\t\t<\/div>\n\t\t\t\t<\/div>\n\t\t\t\t<div class=\"elementor-element elementor-element-5f68411f elementor-invisible elementor-widget elementor-widget-text-editor\" data-id=\"5f68411f\" data-element_type=\"widget\" data-settings=\"{&quot;_animation&quot;:&quot;fadeIn&quot;,&quot;_animation_delay&quot;:600}\" data-widget_type=\"text-editor.default\">\n\t\t\t\t<div class=\"elementor-widget-container\">\n\t\t\t\t\t\t\t\t\t<p class=\"translation-block\">Nije potrebno posebno nagla\u0161avati, da je za poslodavce neophodno, da imaju zaklju\u010deno osiguranje gra\u0111ansko pravne odgovornosti ili odgovornosti poslodavca u primeru povreda zaposlenih in drugih lica. To je posebno va\u017eno, ako iz delatnosti poslodavca proizilazi pove\u0107ana opasnost za nastanak povrede ili drugog oblika nastanka \u0161tete.Problem za poslodavce je u tome \u0161to osiguranje ne pokriva tro\u0161kove lije\u010denja i tro\u0161kove naknade pla\u0107e za bolovanje, koje nakon zatvaranja bolovanja i nakon \u0161to se zavr\u0161i lije\u010denje, Zavod za zdravstveno osiguranje Slovenije (ZZZS) odnosno Zavod za penzijsko osiguranje Slovenije (ZPIZ) potra\u017euje od poslodavca, po\u0161to ne postoji osiguravaju\u010di proizvod na koji bi se taj rizik mogao osigurati.<\/p>\t\t\t\t\t\t\t\t<\/div>\n\t\t\t\t<\/div>\n\t\t\t\t\t<\/div>\n\t\t<\/div>\n\t\t\t\t\t<\/div>\n\t\t<\/section>\n\t\t\t\t<section class=\"elementor-section elementor-top-section elementor-element elementor-element-3c804c9 elementor-section-boxed elementor-section-height-default elementor-section-height-default\" data-id=\"3c804c9\" data-element_type=\"section\">\n\t\t\t\t\t\t<div class=\"elementor-container elementor-column-gap-default\">\n\t\t\t\t\t<div class=\"elementor-column elementor-col-100 elementor-top-column elementor-element elementor-element-9378417 elementor-invisible\" data-id=\"9378417\" data-element_type=\"column\" data-settings=\"{&quot;animation&quot;:&quot;fadeIn&quot;}\">\n\t\t\t<div class=\"elementor-widget-wrap elementor-element-populated\">\n\t\t\t\t\t<div class=\"elementor-background-overlay\"><\/div>\n\t\t\t\t\t\t<div class=\"elementor-element elementor-element-81c87a5 elementor-widget elementor-widget-text-editor\" data-id=\"81c87a5\" data-element_type=\"widget\" data-widget_type=\"text-editor.default\">\n\t\t\t\t<div class=\"elementor-widget-container\">\n\t\t\t\t\t\t\t\t\t<p>Osiguravaju\u0107a dru\u0161tva priznavaju povre\u0111enim licima pravo na od\u0161tetu pod uslovom, da je poslodavac odnosno neko, za koga poslodavac odgovara, odgovoran za povredu, naru\u0161avanje zdravlja, smrt zaposlenega ili tre\u0107eg lica. Dodatni problem za poslodavca je u tome, da ima ZZZS i ZPIZ, na osnovu Zakona o zdravstvenoj za\u0161titi i zdravstvenom osiguranju, pravo potra\u017eivati povrat tro\u0161kova le\u010denja ili ispla\u0107anih penzija o\u0161te\u0107enom ili bli\u017enjim ro\u0111acima stradalih radnika ili tre\u0107ih lica po istom osnovu, ako je poslodavac odgovoran za povredu ili smrt. Takvih vrsta rizika kod slovenskih osiguravaju\u0107ih dru\u0161tava, osim u vrlo ograni\u010denom obimu kod jednog osiguravaju\u0107eg dru\u0161tva, trenutno nije mogu\u0107e osigurati, i mogu\u0107e ih je osigurati samo posredno sa drugim osiguranjima.<\/p><p>Takvih vrsta rizika kod slovenskih osiguravaju\u0107ih dru\u0161tava, osim u vrlo ograni\u010denom obimu kod jednog osiguravaju\u0107eg dru\u0161tva, trenutno nije mogu\u0107e osigurati, i mogu\u0107e ih je osigurati samo posredno sa drugim osiguranjima.<\/p><p>Iz tih razloga preporu\u010dljivo je, da nas poslodavci \u010dim pre kontaktiraju, da im savetujemo, kako takve rizike na odgovaraju\u0107i na\u010din osigurati. Ako \u0161tetnog rizika nemaju osiguranoga potrebno je, da nas poslodavci \u010dim se desi povreda odmah pozovu, da ih na odgovaraju\u0107i na\u010din savetujemo glede daljnega postupanja, kako bi izbegli nepotrebne tro\u0161kove.<\/p>\t\t\t\t\t\t\t\t<\/div>\n\t\t\t\t<\/div>\n\t\t\t\t\t<\/div>\n\t\t<\/div>\n\t\t\t\t\t<\/div>\n\t\t<\/section>\n\t\t<div class=\"elementor-element elementor-element-f9134b9 elementor-hidden-tablet elementor-hidden-mobile e-flex e-con-boxed e-con e-parent\" data-id=\"f9134b9\" data-element_type=\"container\">\n\t\t\t\t\t<div class=\"e-con-inner\">\n\t\t<div class=\"elementor-element elementor-element-c9a479d e-flex e-con-boxed e-con e-child\" data-id=\"c9a479d\" data-element_type=\"container\">\n\t\t\t\t\t<div class=\"e-con-inner\">\n\t\t<div class=\"elementor-element elementor-element-9d9d491 e-flex e-con-boxed e-con e-child\" data-id=\"9d9d491\" data-element_type=\"container\">\n\t\t\t\t\t<div class=\"e-con-inner\">\n\t\t<div class=\"elementor-element elementor-element-89e795b e-flex e-con-boxed e-con e-child\" data-id=\"89e795b\" data-element_type=\"container\">\n\t\t\t\t\t<div class=\"e-con-inner\">\n\t\t\t\t<div class=\"elementor-element elementor-element-fbfc2bd elementor-hidden-tablet elementor-hidden-mobile elementor-hidden-desktop elementor-widget elementor-widget-text-editor\" data-id=\"fbfc2bd\" data-element_type=\"widget\" data-widget_type=\"text-editor.default\">\n\t\t\t\t<div class=\"elementor-widget-container\">\n\t\t\t\t\t\t\t\t\t<p>Odvetnik za od\u0161kodnine\u00a0 &#8211; brezpla\u010dno pravno svetovanje<\/p>\t\t\t\t\t\t\t\t<\/div>\n\t\t\t\t<\/div>\n\t\t\t\t<div class=\"elementor-element elementor-element-83f025e elementor-hidden-desktop elementor-widget elementor-widget-text-editor\" data-id=\"83f025e\" data-element_type=\"widget\" data-widget_type=\"text-editor.default\">\n\t\t\t\t<div class=\"elementor-widget-container\">\n\t\t\t\t\t\t\t\t\t<p>Odvetnik za od\u0161kodnine\u00a0 &#8211;<br \/>brezpla\u010dno pravno svetovanje<\/p>\t\t\t\t\t\t\t\t<\/div>\n\t\t\t\t<\/div>\n\t\t\t\t\t<\/div>\n\t\t\t\t<\/div>\n\t\t\t\t\t<\/div>\n\t\t\t\t<\/div>\n\t\t\t\t\t<\/div>\n\t\t\t\t<\/div>\n\t\t\t\t\t<\/div>\n\t\t\t\t<\/div>\n\t\t<div class=\"elementor-element elementor-element-74d39d04 e-flex e-con-boxed e-con e-parent\" data-id=\"74d39d04\" data-element_type=\"container\">\n\t\t\t\t\t<div class=\"e-con-inner\">\n\t\t\t\t<div class=\"elementor-element elementor-element-550b27e elementor-widget elementor-widget-text-editor\" data-id=\"550b27e\" data-element_type=\"widget\" data-widget_type=\"text-editor.default\">\n\t\t\t\t<div class=\"elementor-widget-container\">\n\t\t\t\t\t\t\t\t\t<p>zastopanje pravnih oseb, zastopanje pravnih oseb, zastopanje pravnih oseb, zastopanje pravnih oseb, zastopanje pravnih oseb,\u00a0<\/p>\t\t\t\t\t\t\t\t<\/div>\n\t\t\t\t<\/div>\n\t\t\t\t<div class=\"elementor-element elementor-element-7f4b1af elementor-align-center elementor-widget elementor-widget-button\" data-id=\"7f4b1af\" data-element_type=\"widget\" data-widget_type=\"button.default\">\n\t\t\t\t<div class=\"elementor-widget-container\">\n\t\t\t\t\t\t\t\t\t<div class=\"elementor-button-wrapper\">\n\t\t\t\t\t<a class=\"elementor-button elementor-button-link elementor-size-sm\" href=\"#elementor-action%3Aaction%3Dpopup%3Aopen%26settings%3DeyJpZCI6IjMwOCIsInRvZ2dsZSI6ZmFsc2V9\">\n\t\t\t\t\t\t<span class=\"elementor-button-content-wrapper\">\n\t\t\t\t\t\t\t\t\t<span class=\"elementor-button-text\">Advokat za od\u0161tete \u2013 besplatno pravno savetovanje<\/span>\n\t\t\t\t\t<\/span>\n\t\t\t\t\t<\/a>\n\t\t\t\t<\/div>\n\t\t\t\t\t\t\t\t<\/div>\n\t\t\t\t<\/div>\n\t\t\t\t<div class=\"elementor-element elementor-element-a77341d elementor-widget elementor-widget-image\" data-id=\"a77341d\" data-element_type=\"widget\" data-widget_type=\"image.default\">\n\t\t\t\t<div class=\"elementor-widget-container\">\n\t\t\t\t\t\t\t\t\t\t\t\t\t\t\t\t<a href=\"http:\/\/www.bildproduction.com\" target=\"_blank\" rel=\"noopener noreferrer nofollow\">\n\t\t\t\t\t\t\t<img fetchpriority=\"high\" decoding=\"async\" width=\"500\" height=\"150\" src=\"https:\/\/www.prostran.si\/wp-content\/uploads\/2024\/01\/mag.kristijan_prostran.png\" class=\"attachment-large size-large wp-image-4445\" alt=\"Odvetni\u0161ka Dru\u017eba Prostran - Ekipa - Kristijan Prostran - blog - druga podro\u010dja dela - kontakt - nezgodna zavarovanja - po\u0161kodba na javni ali zasebni povr\u0161ini - po\u0161kodba pri delu - prometna nesre\u010da - zastopanje pravnih oseb - zdravni\u0161ka napaka - Odvetnik za od\u0161kodnine - vi\u0161ina od\u0161kodnine - zavarovanje odgovornosti zasebnika - od\u0161kodnina za po\u0161kodbo na javni povr\u0161ini - ni\u010dnost kreditov \u0161vicarskih frankov - od\u0161kodninska to\u017eba - AO plus od\u0161kodnina - od\u0161kodninska odgovornost delodajalca - kdaj ni potrebno klicati policije - kako ravnati v primeru prometne nesre\u010de - od\u0161kodninski zahtevki ZZZS in ZPIZ - Evropsko poro\u010dilo o prometni nesre\u010di - Od\u0161kodninski zahtevek - Od\u0161kodnina za izbris - trk z divjadjo - zlom ledvenega vretenca - od\u0161kodninska to\u017eba - nezgodna zavarovanja - Od\u0161kodnina za poklicno bolezen\" srcset=\"https:\/\/www.prostran.si\/wp-content\/uploads\/2024\/01\/mag.kristijan_prostran.png 500w, https:\/\/www.prostran.si\/wp-content\/uploads\/2024\/01\/mag.kristijan_prostran-300x90.png 300w, https:\/\/www.prostran.si\/wp-content\/uploads\/2024\/01\/mag.kristijan_prostran-18x5.png 18w\" sizes=\"(max-width: 500px) 100vw, 500px\" \/>\t\t\t\t\t\t\t\t<\/a>\n\t\t\t\t\t\t\t\t\t\t\t\t\t\t\t<\/div>\n\t\t\t\t<\/div>\n\t\t\t\t\t<\/div>\n\t\t\t\t<\/div>\n\t\t\t\t<\/div>","protected":false},"excerpt":{"rendered":"<p>Zastopanje pravnih oseb Ni potrebno posebej poudarjati, da je za delodajalce smotrno, da imajo sklenjeno zavarovanje civilne ali delodajal\u010deve odgovornosti za primer po\u0161kodb zaposlenih ali tretjih oseb. To \u0161e posebej velja, \u010de iz delodajal\u010deve dejavnosti izhaja pove\u010dana nevarnost za nastanek po\u0161kodbe ali druga\u010dne oblike nastanka \u0161kode (npr. gradbeni\u0161tvo). Problem delodajalcev pa je v tem, da [&hellip;]<\/p>","protected":false},"author":2,"featured_media":0,"parent":0,"menu_order":0,"comment_status":"closed","ping_status":"closed","template":"","meta":{"inline_featured_image":false,"footnotes":""},"class_list":["post-481","page","type-page","status-publish","hentry"],"_links":{"self":[{"href":"https:\/\/www.prostran.si\/srb-bos-hrv\/wp-json\/wp\/v2\/pages\/481","targetHints":{"allow":["GET"]}}],"collection":[{"href":"https:\/\/www.prostran.si\/srb-bos-hrv\/wp-json\/wp\/v2\/pages"}],"about":[{"href":"https:\/\/www.prostran.si\/srb-bos-hrv\/wp-json\/wp\/v2\/types\/page"}],"author":[{"embeddable":true,"href":"https:\/\/www.prostran.si\/srb-bos-hrv\/wp-json\/wp\/v2\/users\/2"}],"replies":[{"embeddable":true,"href":"https:\/\/www.prostran.si\/srb-bos-hrv\/wp-json\/wp\/v2\/comments?post=481"}],"version-history":[{"count":0,"href":"https:\/\/www.prostran.si\/srb-bos-hrv\/wp-json\/wp\/v2\/pages\/481\/revisions"}],"wp:attachment":[{"href":"https:\/\/www.prostran.si\/srb-bos-hrv\/wp-json\/wp\/v2\/media?parent=481"}],"curies":[{"name":"wp","href":"https:\/\/api.w.org\/{rel}","templated":true}]}}