{"id":438,"date":"2023-11-08T09:28:51","date_gmt":"2023-11-08T09:28:51","guid":{"rendered":"https:\/\/www.prostran.si\/?page_id=438"},"modified":"2024-02-26T09:45:22","modified_gmt":"2024-02-26T09:45:22","slug":"prometna-nesreca","status":"publish","type":"page","link":"https:\/\/www.prostran.si\/eng\/prometna-nesreca\/","title":{"rendered":"Traffic Accident"},"content":{"rendered":"<div data-elementor-type=\"wp-page\" data-elementor-id=\"438\" class=\"elementor elementor-438\" data-elementor-post-type=\"page\">\n\t\t\t\t\t\t<section class=\"elementor-section elementor-top-section elementor-element elementor-element-486088d0 elementor-section-height-min-height elementor-section-content-middle elementor-section-boxed elementor-section-height-default elementor-section-items-middle\" data-id=\"486088d0\" data-element_type=\"section\" data-settings=\"{&quot;background_background&quot;:&quot;classic&quot;}\">\n\t\t\t\t\t\t\t<div class=\"elementor-background-overlay\"><\/div>\n\t\t\t\t\t\t\t<div class=\"elementor-container elementor-column-gap-custom\">\n\t\t\t\t\t<div class=\"elementor-column elementor-col-100 elementor-top-column elementor-element elementor-element-74124bd8\" data-id=\"74124bd8\" data-element_type=\"column\" data-settings=\"{&quot;background_background&quot;:&quot;classic&quot;}\">\n\t\t\t<div class=\"elementor-widget-wrap elementor-element-populated\">\n\t\t\t\t\t\t<div class=\"elementor-element elementor-element-3a3084b9 elementor-invisible elementor-widget elementor-widget-heading\" data-id=\"3a3084b9\" data-element_type=\"widget\" data-settings=\"{&quot;_animation&quot;:&quot;fadeInDown&quot;}\" data-widget_type=\"heading.default\">\n\t\t\t\t<div class=\"elementor-widget-container\">\n\t\t\t\t\t<h2 class=\"elementor-heading-title elementor-size-default\"><font color=\"#B79743\">Traffic Accident <\/font><\/h2>\t\t\t\t<\/div>\n\t\t\t\t<\/div>\n\t\t\t\t<div class=\"elementor-element elementor-element-5f68411f elementor-invisible elementor-widget elementor-widget-text-editor\" data-id=\"5f68411f\" data-element_type=\"widget\" data-settings=\"{&quot;_animation&quot;:&quot;fadeIn&quot;,&quot;_animation_delay&quot;:600}\" data-widget_type=\"text-editor.default\">\n\t\t\t\t<div class=\"elementor-widget-container\">\n\t\t\t\t\t\t\t\t\t<p>A traffic accident is a stressful event that can initiate several different proceedings for the involved party, such as the process of obtaining compensation and insurance, proceedings for traffic offenses, criminal proceedings, social proceedings before Health Insurance Institute of Slovenia (ZZZS) and the Pension and Disability Insurance Institute of Slovenia (ZPIZ), and probate proceedings. Therefore, it is crucial to be represented by a specialist in the field of compensation law , a lawyer specialized in compensations, to guidance on how to proceed as soon as possible, that you can later achieve the highest possible compensation and optimize your rights in the described proceedings.<\/p>\t\t\t\t\t\t\t\t<\/div>\n\t\t\t\t<\/div>\n\t\t\t\t\t<\/div>\n\t\t<\/div>\n\t\t\t\t\t<\/div>\n\t\t<\/section>\n\t\t\t\t<section class=\"elementor-section elementor-top-section elementor-element elementor-element-0c72490 elementor-section-boxed elementor-section-height-default elementor-section-height-default\" data-id=\"0c72490\" data-element_type=\"section\">\n\t\t\t\t\t\t<div class=\"elementor-container elementor-column-gap-default\">\n\t\t\t\t\t<div class=\"elementor-column elementor-col-100 elementor-top-column elementor-element elementor-element-2e34130 elementor-invisible\" data-id=\"2e34130\" data-element_type=\"column\" data-settings=\"{&quot;animation&quot;:&quot;fadeInUp&quot;,&quot;animation_delay&quot;:500}\">\n\t\t\t<div class=\"elementor-widget-wrap elementor-element-populated\">\n\t\t\t\t\t\t<div class=\"elementor-element elementor-element-c925c5d elementor-widget elementor-widget-text-editor\" data-id=\"c925c5d\" data-element_type=\"widget\" data-widget_type=\"text-editor.default\">\n\t\t\t\t<div class=\"elementor-widget-container\">\n\t\t\t\t\t\t\t\t\t<p class=\"western translation-block\" align=\"justify\"><span style=\"color: #222222\"><span style=\"font-size: medium\">If you have been involved in a traffic accident at home or abroad and have suffered a bodily injury (in certain cases, even if you have not suffered bodily injuries), you are entitled to compensation, and you can file a compensation claim.<\/span><\/span><\/p><p class=\"western\" align=\"justify\"><span style=\"font-size: medium;\">You are entitled to compensation if you have been injured in traffic accident:<\/span><\/p><ul><li><p align=\"justify\"><span style=\"font-size: medium;\">as a driver of any vehicle (car, truck, work machinery, bicycle, etc.) due to someone else's fault <\/span><\/p><\/li><li><p align=\"justify\" class=\"translation-block\"><span style=\"color: #222222\"><span style=\"font-size: medium\">as a passenger in any vehicle regardless of fault<\/span><\/span><\/span><\/p><\/li><li><p align=\"justify\" class=\"translation-block\"><span style=\"color: #222222\"><span style=\"font-size: medium\">as another participant in traffic (pedestrian, cyclist, etc.) due to someone else's fault<\/span><\/span><\/span><\/p><\/li><\/ul><p class=\"western\" align=\"justify\"><span style=\"color: #222222;\"><span style=\"font-size: medium;\">You are also entitled to compensation if:<\/span><\/span><\/p><ul><li><p align=\"justify\"><span style=\"color: #222222;\"><span style=\"font-size: medium;\">the traffic accident was caused by an unknown driver (hit-and-run accident) <\/span><\/span><\/p><\/li><li><p align=\"justify\" class=\"translation-block\"><span style=\"color: #222222\"><span style=\"font-size: medium\">or if you caused the traffic accident yourself (provided that you had AO plus insurance and you are entitled to AO plus compensation)<\/span><\/p><\/li><\/ul><p class=\"western translation-block\" align=\"justify\"><span style=\"font-size: medium\"><span lang=\"en-US\">In some cases, we also file compensation claims in foreign countries and represent foreigners who want to file a compensation claim in Slovenia and abroad. A compensation claim or compensation lawsuit can be filed against foreign and domestic insurance companies in the Republic of Slovenia using foreign law (Croatian, German, Austrian, Serbian, etc.)<\/span><\/span><\/span><span style=\"color: #222222\"><span style=\"font-size: medium\"><\/span><\/span><\/p><p class=\"western translation-block\" align=\"justify\"><span style=\"font-size: medium\">The amount of compensation for bodily injuries  depends on various factors, primarily the severity of the injury, treatment, and the permanent consequences that remain after the injury..<\/span><\/span><\/span><\/p><p class=\"western translation-block\" align=\"justify\"><a name=\"_GoBack\" target=\"_self\"><\/a> <span style=\"color: #222222\"><span style=\"font-size: medium\">\nIn addition to compensation for the victim who has a particularly severe disability, compensation for mental distress also belongs to their close relatives (spouse, unmarried partner, child, siblings, etc.) In the event of the death of one or more participants in a traffic accident, relatives can file a compensation for a traffic accident, due to mental distress because of the death of a loved one.<\/span><\/p><p class=\"western translation-block\" align=\"justify\"><span style=\"color: #222222\"><span style=\"font-size: medium\">If you had any type of accident insurance at the time of the traffic accident, we can ensure that the required daily compensation for injury, disability, or other coverage from the insurance policy is appropriate.\n\nWe advise you to call us as soon as possible, from the moment the traffic accident occurs, to receive proper instructions on how to proceed so that you can later effectively assert your rights in various proceedings.<\/span><\/span><\/p><p class=\"western\" align=\"justify\"><span style=\"color: #222222;\"><span style=\"font-size: medium;\">We advise you to call us as quickly as possible, from the moment a traffic accident occurs, to receive appropriate instructions on how to act, so that you can exercise your rights as best as possible later in various procedures. <\/span><\/span><\/p>\t\t\t\t\t\t\t\t<\/div>\n\t\t\t\t<\/div>\n\t\t\t\t\t<\/div>\n\t\t<\/div>\n\t\t\t\t\t<\/div>\n\t\t<\/section>\n\t\t<div class=\"elementor-element elementor-element-ea0b854 e-flex e-con-boxed e-con e-parent\" data-id=\"ea0b854\" data-element_type=\"container\">\n\t\t\t\t\t<div class=\"e-con-inner\">\n\t\t<div class=\"elementor-element elementor-element-2485504 elementor-hidden-desktop elementor-hidden-tablet elementor-hidden-mobile e-flex e-con-boxed e-con e-child\" data-id=\"2485504\" data-element_type=\"container\">\n\t\t\t\t\t<div class=\"e-con-inner\">\n\t\t\t\t<div class=\"elementor-element elementor-element-89c2fc3 elementor-hidden-desktop elementor-hidden-tablet elementor-hidden-mobile elementor-widget elementor-widget-text-editor\" data-id=\"89c2fc3\" data-element_type=\"widget\" data-widget_type=\"text-editor.default\">\n\t\t\t\t<div class=\"elementor-widget-container\">\n\t\t\t\t\t\t\t\t\t<p>Odvetnik za od\u0161kodnine\u00a0 &#8211; brezpla\u010dno pravno svetovanje<\/p>\t\t\t\t\t\t\t\t<\/div>\n\t\t\t\t<\/div>\n\t\t\t\t<div class=\"elementor-element elementor-element-60e9bae elementor-hidden-desktop elementor-widget elementor-widget-text-editor\" data-id=\"60e9bae\" data-element_type=\"widget\" data-widget_type=\"text-editor.default\">\n\t\t\t\t<div class=\"elementor-widget-container\">\n\t\t\t\t\t\t\t\t\t<p>Odvetnik za od\u0161kodnine &#8211;\u00a0<br \/>brezpla\u010dno pravno svetovanje<\/p>\t\t\t\t\t\t\t\t<\/div>\n\t\t\t\t<\/div>\n\t\t\t\t\t<\/div>\n\t\t\t\t<\/div>\n\t\t\t\t\t<\/div>\n\t\t\t\t<\/div>\n\t\t<div class=\"elementor-element elementor-element-d67ac20 e-flex e-con-boxed e-con e-parent\" data-id=\"d67ac20\" data-element_type=\"container\">\n\t\t\t\t\t<div class=\"e-con-inner\">\n\t\t\t\t<div class=\"elementor-element elementor-element-0734be8 elementor-widget elementor-widget-text-editor\" data-id=\"0734be8\" data-element_type=\"widget\" data-widget_type=\"text-editor.default\">\n\t\t\t\t<div class=\"elementor-widget-container\">\n\t\t\t\t\t\t\t\t\t<p>Prometna nesre\u010da, Prometna nesre\u010da, Prometna nesre\u010da, Prometna nesre\u010da, Prometna nesre\u010da,\u00a0<\/p>\t\t\t\t\t\t\t\t<\/div>\n\t\t\t\t<\/div>\n\t\t\t\t<div class=\"elementor-element elementor-element-18cc594 elementor-align-center elementor-widget elementor-widget-button\" data-id=\"18cc594\" data-element_type=\"widget\" data-widget_type=\"button.default\">\n\t\t\t\t<div class=\"elementor-widget-container\">\n\t\t\t\t\t\t\t\t\t<div class=\"elementor-button-wrapper\">\n\t\t\t\t\t<a class=\"elementor-button elementor-button-link elementor-size-sm\" href=\"#elementor-action%3Aaction%3Dpopup%3Aopen%26settings%3DeyJpZCI6IjMwOCIsInRvZ2dsZSI6ZmFsc2V9\">\n\t\t\t\t\t\t<span class=\"elementor-button-content-wrapper\">\n\t\t\t\t\t\t\t\t\t<span class=\"elementor-button-text\">Lawyer specialized in compensation law \u2013 free legal advice<\/span>\n\t\t\t\t\t<\/span>\n\t\t\t\t\t<\/a>\n\t\t\t\t<\/div>\n\t\t\t\t\t\t\t\t<\/div>\n\t\t\t\t<\/div>\n\t\t\t\t<div class=\"elementor-element elementor-element-2feb001 elementor-widget elementor-widget-image\" data-id=\"2feb001\" data-element_type=\"widget\" data-widget_type=\"image.default\">\n\t\t\t\t<div class=\"elementor-widget-container\">\n\t\t\t\t\t\t\t\t\t\t\t\t\t\t\t\t<a href=\"http:\/\/www.bildproduction.com\" target=\"_blank\" rel=\"noopener noreferrer nofollow\">\n\t\t\t\t\t\t\t<img fetchpriority=\"high\" decoding=\"async\" width=\"500\" height=\"150\" src=\"https:\/\/www.prostran.si\/wp-content\/uploads\/2024\/01\/mag.kristijan_prostran.png\" class=\"attachment-large size-large wp-image-4445\" alt=\"Odvetni\u0161ka Dru\u017eba Prostran - Ekipa - Kristijan Prostran - blog - druga podro\u010dja dela - kontakt - nezgodna zavarovanja - po\u0161kodba na javni ali zasebni povr\u0161ini - po\u0161kodba pri delu - prometna nesre\u010da - zastopanje pravnih oseb - zdravni\u0161ka napaka - Odvetnik za od\u0161kodnine - vi\u0161ina od\u0161kodnine - zavarovanje odgovornosti zasebnika - od\u0161kodnina za po\u0161kodbo na javni povr\u0161ini - ni\u010dnost kreditov \u0161vicarskih frankov - od\u0161kodninska to\u017eba - AO plus od\u0161kodnina - od\u0161kodninska odgovornost delodajalca - kdaj ni potrebno klicati policije - kako ravnati v primeru prometne nesre\u010de - od\u0161kodninski zahtevki ZZZS in ZPIZ - Evropsko poro\u010dilo o prometni nesre\u010di - Od\u0161kodninski zahtevek - Od\u0161kodnina za izbris - trk z divjadjo - zlom ledvenega vretenca - od\u0161kodninska to\u017eba - nezgodna zavarovanja - Od\u0161kodnina za poklicno bolezen\" srcset=\"https:\/\/www.prostran.si\/wp-content\/uploads\/2024\/01\/mag.kristijan_prostran.png 500w, https:\/\/www.prostran.si\/wp-content\/uploads\/2024\/01\/mag.kristijan_prostran-300x90.png 300w, https:\/\/www.prostran.si\/wp-content\/uploads\/2024\/01\/mag.kristijan_prostran-18x5.png 18w\" sizes=\"(max-width: 500px) 100vw, 500px\" \/>\t\t\t\t\t\t\t\t<\/a>\n\t\t\t\t\t\t\t\t\t\t\t\t\t\t\t<\/div>\n\t\t\t\t<\/div>\n\t\t\t\t\t<\/div>\n\t\t\t\t<\/div>\n\t\t\t\t<\/div>","protected":false},"excerpt":{"rendered":"<p>Prometna nesre\u010da Prometna nesre\u010da je stresni dogodek in za udele\u017eenca lahko pomeni za\u010detek ve\u010d razli\u010dnih postopkov, kot so postopek za pridobitev od\u0161kodnine in zavarovalnine, postopek o prekr\u0161ku, kazenski postopek, socialni postopek pred ZZZS in ZPIZ ali zapu\u0161\u010dinski postopek. Zato je pomembno, da vas zastopa specialist na podro\u010dju od\u0161kodninskega prava (odvetnik za od\u0161kodnine), da \u010dimprej dobite [&hellip;]<\/p>","protected":false},"author":2,"featured_media":0,"parent":0,"menu_order":0,"comment_status":"closed","ping_status":"closed","template":"","meta":{"inline_featured_image":false,"footnotes":""},"class_list":["post-438","page","type-page","status-publish","hentry"],"_links":{"self":[{"href":"https:\/\/www.prostran.si\/eng\/wp-json\/wp\/v2\/pages\/438","targetHints":{"allow":["GET"]}}],"collection":[{"href":"https:\/\/www.prostran.si\/eng\/wp-json\/wp\/v2\/pages"}],"about":[{"href":"https:\/\/www.prostran.si\/eng\/wp-json\/wp\/v2\/types\/page"}],"author":[{"embeddable":true,"href":"https:\/\/www.prostran.si\/eng\/wp-json\/wp\/v2\/users\/2"}],"replies":[{"embeddable":true,"href":"https:\/\/www.prostran.si\/eng\/wp-json\/wp\/v2\/comments?post=438"}],"version-history":[{"count":0,"href":"https:\/\/www.prostran.si\/eng\/wp-json\/wp\/v2\/pages\/438\/revisions"}],"wp:attachment":[{"href":"https:\/\/www.prostran.si\/eng\/wp-json\/wp\/v2\/media?parent=438"}],"curies":[{"name":"wp","href":"https:\/\/api.w.org\/{rel}","templated":true}]}}